{"id":9033,"date":"2025-11-21T10:13:31","date_gmt":"2025-11-21T09:13:31","guid":{"rendered":"https:\/\/www.austrian-doctors.at\/about-us\/team\/helga-laengauer-hohengassner"},"modified":"2026-03-25T15:48:47","modified_gmt":"2026-03-25T14:48:47","slug":"helga-laengauer-hohengassner","status":"publish","type":"page","link":"https:\/\/www.austrian-doctors.at\/en\/about-us\/team\/helga-laengauer-hohengassner","title":{"rendered":"Helga L\u00e4ngauer-Hohenga\u00dfner"},"content":{"rendered":"\t\t<div data-elementor-type=\"wp-page\" data-elementor-id=\"9033\" class=\"elementor elementor-9033 elementor-8844\" data-elementor-settings=\"{&quot;ha_cmc_init_switcher&quot;:&quot;no&quot;}\" data-elementor-post-type=\"page\">\n\t\t\t\t\t\t<section class=\"elementor-section elementor-top-section elementor-element elementor-element-72671c5 elementor-section-height-min-height elementor-section-items-stretch elementor-section-content-middle elementor-section-full_width elementor-section-height-default\" data-id=\"72671c5\" data-element_type=\"section\" data-e-type=\"section\" data-settings=\"{&quot;background_background&quot;:&quot;classic&quot;,&quot;_ha_eqh_enable&quot;:false}\">\n\t\t\t\t\t\t<div class=\"elementor-container elementor-column-gap-no\">\n\t\t\t\t\t<div class=\"elementor-column elementor-col-100 elementor-top-column elementor-element elementor-element-9d6e32f\" data-id=\"9d6e32f\" data-element_type=\"column\" data-e-type=\"column\">\n\t\t\t<div class=\"elementor-widget-wrap elementor-element-populated\">\n\t\t\t\t\t\t<div class=\"elementor-element elementor-element-25478d9 elementor-hidden-tablet elementor-hidden-mobile elementor-widget elementor-widget-image\" data-id=\"25478d9\" data-element_type=\"widget\" data-e-type=\"widget\" data-widget_type=\"image.default\">\n\t\t\t\t<div class=\"elementor-widget-container\">\n\t\t\t\t\t\t\t\t\t\t\t\t\t\t\t<img fetchpriority=\"high\" decoding=\"async\" width=\"2560\" height=\"731\" src=\"https:\/\/www.austrian-doctors.at\/wp-content\/uploads\/2026\/03\/header-helga-scaled.jpg\" class=\"attachment-full size-full wp-image-10300\" alt=\"\" srcset=\"https:\/\/www.austrian-doctors.at\/wp-content\/uploads\/2026\/03\/header-helga-scaled.jpg 2560w, https:\/\/www.austrian-doctors.at\/wp-content\/uploads\/2026\/03\/header-helga-300x86.jpg 300w, https:\/\/www.austrian-doctors.at\/wp-content\/uploads\/2026\/03\/header-helga-1024x293.jpg 1024w, https:\/\/www.austrian-doctors.at\/wp-content\/uploads\/2026\/03\/header-helga-768x219.jpg 768w, https:\/\/www.austrian-doctors.at\/wp-content\/uploads\/2026\/03\/header-helga-1536x439.jpg 1536w, https:\/\/www.austrian-doctors.at\/wp-content\/uploads\/2026\/03\/header-helga-2048x585.jpg 2048w\" sizes=\"(max-width: 2560px) 100vw, 2560px\" \/>\t\t\t\t\t\t\t\t\t\t\t\t\t\t\t<\/div>\n\t\t\t\t<\/div>\n\t\t\t\t<div class=\"elementor-element elementor-element-044f1d7 elementor-hidden-desktop elementor-widget elementor-widget-image\" data-id=\"044f1d7\" data-element_type=\"widget\" data-e-type=\"widget\" data-widget_type=\"image.default\">\n\t\t\t\t<div class=\"elementor-widget-container\">\n\t\t\t\t\t\t\t\t\t\t\t\t\t\t\t<img decoding=\"async\" width=\"2500\" height=\"2500\" src=\"https:\/\/www.austrian-doctors.at\/wp-content\/uploads\/2026\/03\/header-helga-mobil.jpg\" class=\"attachment-full size-full wp-image-10298\" alt=\"\" srcset=\"https:\/\/www.austrian-doctors.at\/wp-content\/uploads\/2026\/03\/header-helga-mobil.jpg 2500w, https:\/\/www.austrian-doctors.at\/wp-content\/uploads\/2026\/03\/header-helga-mobil-300x300.jpg 300w, https:\/\/www.austrian-doctors.at\/wp-content\/uploads\/2026\/03\/header-helga-mobil-1024x1024.jpg 1024w, https:\/\/www.austrian-doctors.at\/wp-content\/uploads\/2026\/03\/header-helga-mobil-150x150.jpg 150w, https:\/\/www.austrian-doctors.at\/wp-content\/uploads\/2026\/03\/header-helga-mobil-768x768.jpg 768w, https:\/\/www.austrian-doctors.at\/wp-content\/uploads\/2026\/03\/header-helga-mobil-1536x1536.jpg 1536w, https:\/\/www.austrian-doctors.at\/wp-content\/uploads\/2026\/03\/header-helga-mobil-2048x2048.jpg 2048w\" sizes=\"(max-width: 2500px) 100vw, 2500px\" \/>\t\t\t\t\t\t\t\t\t\t\t\t\t\t\t<\/div>\n\t\t\t\t<\/div>\n\t\t\t\t\t<\/div>\n\t\t<\/div>\n\t\t\t\t\t<\/div>\n\t\t<\/section>\n\t\t\t\t<section class=\"elementor-section elementor-top-section elementor-element elementor-element-26947625 elementor-section-full_width elementor-section-height-default elementor-section-height-default\" data-id=\"26947625\" data-element_type=\"section\" data-e-type=\"section\" id=\"next\" data-settings=\"{&quot;_ha_eqh_enable&quot;:false}\">\n\t\t\t\t\t\t<div class=\"elementor-container elementor-column-gap-no\">\n\t\t\t\t\t<div class=\"elementor-column elementor-col-100 elementor-top-column elementor-element elementor-element-0587e15\" data-id=\"0587e15\" data-element_type=\"column\" data-e-type=\"column\">\n\t\t\t<div class=\"elementor-widget-wrap elementor-element-populated\">\n\t\t\t\t\t\t<div class=\"elementor-element elementor-element-5c74ec0 elementor-widget elementor-widget-heading\" data-id=\"5c74ec0\" data-element_type=\"widget\" data-e-type=\"widget\" data-widget_type=\"heading.default\">\n\t\t\t\t<div class=\"elementor-widget-container\">\n\t\t\t\t\t<h1 class=\"elementor-heading-title elementor-size-default\">Helga L\u00e4ngauer-Hohenga\u00dfner<\/h1>\t\t\t\t<\/div>\n\t\t\t\t<\/div>\n\t\t\t\t<div class=\"elementor-element elementor-element-6b55b12 elementor-widget elementor-widget-text-editor\" data-id=\"6b55b12\" data-element_type=\"widget\" data-e-type=\"widget\" data-widget_type=\"text-editor.default\">\n\t\t\t\t<div class=\"elementor-widget-container\">\n\t\t\t\t\t\t\t\t\t<p>Anyone with a good idea first shares it with their circle of friends and acquaintances. That was also the case for me. Dr. Christian Gruber and his wife Ursula, with whom I have a long-standing friendship, inspired me after the founding of the Austrian Doctors with their enthusiasm and motivated me to get involved in the cause, help at events, and proofread articles and reports before publication. In this way, I was able to follow the development of the various projects from my desk and get to know them better and better.<\/p><p>In May 2025, I had the honor of becoming a <a href=\"https:\/\/www.austrian-doctors.at\/en\/about-us\/team\">board member<\/a>. This role naturally entails visiting the projects on site and getting to know our <a href=\"https:\/\/www.austrian-doctors.at\/en\/about-us\/our-project-partners\">project partners<\/a> personally. So in September 2025, I went to <a href=\"https:\/\/www.austrian-doctors.at\/en\/discover-projects\/kenya\">Kenya<\/a> for the first time.<\/p><p>As a teacher and teacher trainer, I was naturally very interested in how lessons would be conducted at the schools, and what similarities and differences I could observe compared to schools in Austria. What immediately catches the eye is the simplicity of the resources: blackboard, chalk, a few handmade posters. That\u2019s all there is, yet it is more than compensated for by the incredible dedication of the teachers and the remarkable eagerness to learn of the children, which deeply moved me. Both teachers and students are guided by the vision of a better, safer future. <em>&#8220;Girls with dreams become women with visions&#8221;, <\/em>this is also the credo of those responsible for the newly established <a href=\"https:\/\/www.austrian-doctors.at\/en\/discover-projects\/kenya\/eroret-boarding-school\">Boarding school<\/a> (boarding school) in Eroret, where currently 54 girls live, who are overjoyed about their &#8220;<em>safe space<\/em>\u201c.<\/p><p>The close connection between education and health is clearly reflected in the projects of the Austrian Doctors. Only those who understand the preventability of diseases through basic hygiene principles, such as regular handwashing, will develop a routine. The same applies to balanced nutrition. This is why the <a href=\"https:\/\/www.austrian-doctors.at\/en\/discover-projects\/kenya\/water-projects-in-kenya\">wells<\/a> built in recent years are so important. Thanks to them, it is possible to have enough clean water, irrigate fields, and <a href=\"https:\/\/www.austrian-doctors.at\/en\/discover-projects\/kenya\/eroret-school-agricultural-project\">grow vegetables<\/a> for school meals, and so on.<\/p><p>The holistic approach we pursue with schools, adult education and social work, well construction and reforestation, and of course healthcare, ensures sustainable development. I am particularly encouraged that the initiatives come from our project partners on site. Together, we try to implement what Goethe already observed: &#8220;<em>Knowing is not enough; one must also apply. Willing is not enough; one must also do<\/em>.&#8221; Being part of this community, which wants to make a positive difference and actively implements it, is for me personally the \u2018happiness of being able to help.\u2019<\/p><p>Your Mag.<sup>a<\/sup> Helga L\u00e4ngauer-Hohenga\u00dfner<\/p><p>Deputy Secretary of the Austrian Doctors<\/p>\t\t\t\t\t\t\t\t<\/div>\n\t\t\t\t<\/div>\n\t\t\t\t<div class=\"elementor-element elementor-element-bbe5abd elementor-arrows-position-inside elementor-pagination-position-outside elementor-widget elementor-widget-image-carousel\" data-id=\"bbe5abd\" data-element_type=\"widget\" data-e-type=\"widget\" data-settings=\"{&quot;slides_to_show&quot;:&quot;1&quot;,&quot;navigation&quot;:&quot;both&quot;,&quot;autoplay&quot;:&quot;yes&quot;,&quot;pause_on_hover&quot;:&quot;yes&quot;,&quot;pause_on_interaction&quot;:&quot;yes&quot;,&quot;autoplay_speed&quot;:5000,&quot;infinite&quot;:&quot;yes&quot;,&quot;effect&quot;:&quot;slide&quot;,&quot;speed&quot;:500}\" data-widget_type=\"image-carousel.default\">\n\t\t\t\t<div class=\"elementor-widget-container\">\n\t\t\t\t\t\t\t<div class=\"elementor-image-carousel-wrapper swiper\" role=\"region\" aria-roledescription=\"carousel\" aria-label=\"Bild Karussell\" dir=\"ltr\">\n\t\t\t<div class=\"elementor-image-carousel swiper-wrapper\" aria-live=\"off\">\n\t\t\t\t\t\t\t\t<div class=\"swiper-slide\" role=\"group\" aria-roledescription=\"slide\" aria-label=\"1 of 7\"><figure class=\"swiper-slide-inner\"><img decoding=\"async\" class=\"swiper-slide-image\" src=\"https:\/\/www.austrian-doctors.at\/wp-content\/uploads\/2025\/11\/Helga7-768x512.jpg\" alt=\"Helga7\" \/><\/figure><\/div><div class=\"swiper-slide\" role=\"group\" aria-roledescription=\"slide\" aria-label=\"2 of 7\"><figure class=\"swiper-slide-inner\"><img decoding=\"async\" class=\"swiper-slide-image\" src=\"https:\/\/www.austrian-doctors.at\/wp-content\/uploads\/2025\/11\/Helga6-768x512.jpg\" alt=\"Helga6\" \/><\/figure><\/div><div class=\"swiper-slide\" role=\"group\" aria-roledescription=\"slide\" aria-label=\"3 of 7\"><figure class=\"swiper-slide-inner\"><img decoding=\"async\" class=\"swiper-slide-image\" src=\"https:\/\/www.austrian-doctors.at\/wp-content\/uploads\/2025\/11\/Helga5-768x576.jpg\" alt=\"Helga5\" \/><\/figure><\/div><div class=\"swiper-slide\" role=\"group\" aria-roledescription=\"slide\" aria-label=\"4 of 7\"><figure class=\"swiper-slide-inner\"><img decoding=\"async\" class=\"swiper-slide-image\" src=\"https:\/\/www.austrian-doctors.at\/wp-content\/uploads\/2025\/11\/Helga2-768x512.jpg\" alt=\"Helga2\" \/><\/figure><\/div><div class=\"swiper-slide\" role=\"group\" aria-roledescription=\"slide\" aria-label=\"5 of 7\"><figure class=\"swiper-slide-inner\"><img decoding=\"async\" class=\"swiper-slide-image\" src=\"https:\/\/www.austrian-doctors.at\/wp-content\/uploads\/2025\/11\/Helga3-768x512.jpg\" alt=\"Helga3\" \/><\/figure><\/div><div class=\"swiper-slide\" role=\"group\" aria-roledescription=\"slide\" aria-label=\"6 of 7\"><figure class=\"swiper-slide-inner\"><img decoding=\"async\" class=\"swiper-slide-image\" src=\"https:\/\/www.austrian-doctors.at\/wp-content\/uploads\/2025\/11\/Helga4-768x512.jpg\" alt=\"Helga4\" \/><\/figure><\/div><div class=\"swiper-slide\" role=\"group\" aria-roledescription=\"slide\" aria-label=\"7 of 7\"><figure class=\"swiper-slide-inner\"><img decoding=\"async\" class=\"swiper-slide-image\" src=\"https:\/\/www.austrian-doctors.at\/wp-content\/uploads\/2025\/11\/Helga1-1-768x512.jpg\" alt=\"Helga1\" \/><\/figure><\/div>\t\t\t<\/div>\n\t\t\t\t\t\t\t\t\t\t\t\t<div class=\"elementor-swiper-button elementor-swiper-button-prev\" role=\"button\" tabindex=\"0\">\n\t\t\t\t\t\t<i aria-hidden=\"true\" class=\"eicon-chevron-left\"><\/i>\t\t\t\t\t<\/div>\n\t\t\t\t\t<div class=\"elementor-swiper-button elementor-swiper-button-next\" role=\"button\" tabindex=\"0\">\n\t\t\t\t\t\t<i aria-hidden=\"true\" class=\"eicon-chevron-right\"><\/i>\t\t\t\t\t<\/div>\n\t\t\t\t\n\t\t\t\t\t\t\t\t\t<div class=\"swiper-pagination\"><\/div>\n\t\t\t\t\t\t\t\t\t<\/div>\n\t\t\t\t\t\t<\/div>\n\t\t\t\t<\/div>\n\t\t\t\t\t<\/div>\n\t\t<\/div>\n\t\t\t\t\t<\/div>\n\t\t<\/section>\n\t\t\t\t<section class=\"elementor-section elementor-top-section elementor-element elementor-element-8aae28f elementor-section-full_width elementor-section-height-default elementor-section-height-default\" data-id=\"8aae28f\" data-element_type=\"section\" data-e-type=\"section\" data-settings=\"{&quot;_ha_eqh_enable&quot;:false}\">\n\t\t\t\t\t\t<div class=\"elementor-container elementor-column-gap-no\">\n\t\t\t\t\t<div class=\"elementor-column elementor-col-100 elementor-top-column elementor-element elementor-element-1f9ae67\" data-id=\"1f9ae67\" data-element_type=\"column\" data-e-type=\"column\">\n\t\t\t<div class=\"elementor-widget-wrap elementor-element-populated\">\n\t\t\t\t\t\t<div class=\"elementor-element elementor-element-4b24bdb elementor-cta--layout-image-right elementor-cta--valign-middle elementor-cta--mobile-layout-image-above elementor-cta--skin-classic elementor-animated-content elementor-bg-transform elementor-bg-transform-zoom-in elementor-widget elementor-widget-call-to-action\" data-id=\"4b24bdb\" data-element_type=\"widget\" data-e-type=\"widget\" data-widget_type=\"call-to-action.default\">\n\t\t\t\t<div class=\"elementor-widget-container\">\n\t\t\t\t\t\t\t<div class=\"elementor-cta\">\n\t\t\t\t\t<div class=\"elementor-cta__bg-wrapper\">\n\t\t\t\t<div class=\"elementor-cta__bg elementor-bg\" style=\"background-image: url(https:\/\/www.austrian-doctors.at\/wp-content\/uploads\/2022\/12\/f2a0460-d4486aab.jpg);\" role=\"img\" aria-label=\"_f2a0460-d4486aab\"><\/div>\n\t\t\t\t<div class=\"elementor-cta__bg-overlay\"><\/div>\n\t\t\t<\/div>\n\t\t\t\t\t\t\t<div class=\"elementor-cta__content\">\n\t\t\t\t\n\t\t\t\t\t\t\t\t\t<h3 class=\"elementor-cta__title elementor-cta__content-item elementor-content-item\">\n\t\t\t\t\t\tWe support projects worldwide\t\t\t\t\t<\/h3>\n\t\t\t\t\n\t\t\t\t\t\t\t\t\t<div class=\"elementor-cta__description elementor-cta__content-item elementor-content-item\">\n\t\t\t\t\t\tWould you like to find out more about our projects in Bangladesh, India, Ethiopia and Kenya?\t\t\t\t\t<\/div>\n\t\t\t\t\n\t\t\t\t\t\t\t\t\t<div class=\"elementor-cta__button-wrapper elementor-cta__content-item elementor-content-item \">\n\t\t\t\t\t<a class=\"elementor-cta__button elementor-button elementor-size-md\" href=\"https:\/\/www.austrian-doctors.at\/en\/discover-projects\">\n\t\t\t\t\t\tGet to know projects\t\t\t\t\t<\/a>\n\t\t\t\t\t<\/div>\n\t\t\t\t\t\t\t<\/div>\n\t\t\t\t\t\t<\/div>\n\t\t\t\t\t\t<\/div>\n\t\t\t\t<\/div>\n\t\t\t\t\t<\/div>\n\t\t<\/div>\n\t\t\t\t\t<\/div>\n\t\t<\/section>\n\t\t\t\t<\/div>\n\t\t","protected":false},"excerpt":{"rendered":"<p>Helga L\u00e4ngauer-Hohenga\u00dfner Anyone with a good idea first shares it with their circle of friends and acquaintances. That was also the case for me. Dr. Christian Gruber and his wife Ursula, with whom I have a long-standing friendship, inspired me after the founding of the Austrian Doctors with their enthusiasm and motivated me to get [&hellip;]<\/p>\n","protected":false},"author":3,"featured_media":0,"parent":7837,"menu_order":0,"comment_status":"closed","ping_status":"closed","template":"elementor_header_footer","meta":{"_acf_changed":false,"footnotes":""},"class_list":["post-9033","page","type-page","status-publish","hentry"],"acf":[],"yoast_head":"<!-- This site is optimized with the Yoast SEO plugin v27.2 - https:\/\/yoast.com\/product\/yoast-seo-wordpress\/ -->\n<title>Helga L\u00e4ngauer-Hohenga\u00dfner | Austrian Doctors<\/title>\n<meta name=\"description\" content=\"Mag.a Helga L\u00e4ngauer-Hohenga\u00dfner is a board member of the Austrian Doctors. She is the deputy secretary and a teacher.\" \/>\n<meta name=\"robots\" content=\"index, follow, max-snippet:-1, max-image-preview:large, max-video-preview:-1\" \/>\n<link rel=\"canonical\" href=\"https:\/\/www.austrian-doctors.at\/en\/about-us\/team\/helga-laengauer-hohengassner\" \/>\n<meta property=\"og:locale\" content=\"en_US\" \/>\n<meta property=\"og:type\" content=\"article\" \/>\n<meta property=\"og:title\" content=\"Helga L\u00e4ngauer-Hohenga\u00dfner | Austrian Doctors\" \/>\n<meta property=\"og:description\" content=\"Mag.a Helga L\u00e4ngauer-Hohenga\u00dfner is a board member of the Austrian Doctors. She is the deputy secretary and a teacher.\" \/>\n<meta property=\"og:url\" content=\"https:\/\/www.austrian-doctors.at\/en\/about-us\/team\/helga-laengauer-hohengassner\" \/>\n<meta property=\"og:site_name\" content=\"Austrian Doctors\" \/>\n<meta property=\"article:publisher\" content=\"https:\/\/www.facebook.com\/AustrianDoctors\/\" \/>\n<meta property=\"article:modified_time\" content=\"2026-03-25T14:48:47+00:00\" \/>\n<meta property=\"og:image\" content=\"https:\/\/www.austrian-doctors.at\/wp-content\/uploads\/2026\/03\/header-helga-scaled.jpg\" \/>\n<meta name=\"twitter:card\" content=\"summary_large_image\" \/>\n<meta name=\"twitter:label1\" content=\"Est. reading time\" \/>\n\t<meta name=\"twitter:data1\" content=\"5 minutes\" \/>\n<script type=\"application\/ld+json\" class=\"yoast-schema-graph\">{\"@context\":\"https:\/\/schema.org\",\"@graph\":[{\"@type\":\"WebPage\",\"@id\":\"https:\/\/www.austrian-doctors.at\/en\/about-us\/team\/helga-laengauer-hohengassner\",\"url\":\"https:\/\/www.austrian-doctors.at\/en\/about-us\/team\/helga-laengauer-hohengassner\",\"name\":\"Helga L\u00e4ngauer-Hohenga\u00dfner | Austrian Doctors\",\"isPartOf\":{\"@id\":\"https:\/\/austrian-doctors.at\/#website\"},\"primaryImageOfPage\":{\"@id\":\"https:\/\/www.austrian-doctors.at\/en\/about-us\/team\/helga-laengauer-hohengassner#primaryimage\"},\"image\":{\"@id\":\"https:\/\/www.austrian-doctors.at\/en\/about-us\/team\/helga-laengauer-hohengassner#primaryimage\"},\"thumbnailUrl\":\"https:\/\/www.austrian-doctors.at\/wp-content\/uploads\/2026\/03\/header-helga-scaled.jpg\",\"datePublished\":\"2025-11-21T09:13:31+00:00\",\"dateModified\":\"2026-03-25T14:48:47+00:00\",\"description\":\"Mag.a Helga L\u00e4ngauer-Hohenga\u00dfner is a board member of the Austrian Doctors. She is the deputy secretary and a teacher.\",\"breadcrumb\":{\"@id\":\"https:\/\/www.austrian-doctors.at\/en\/about-us\/team\/helga-laengauer-hohengassner#breadcrumb\"},\"inLanguage\":\"en-US\",\"potentialAction\":[{\"@type\":\"ReadAction\",\"target\":[\"https:\/\/www.austrian-doctors.at\/en\/about-us\/team\/helga-laengauer-hohengassner\"]}]},{\"@type\":\"ImageObject\",\"inLanguage\":\"en-US\",\"@id\":\"https:\/\/www.austrian-doctors.at\/en\/about-us\/team\/helga-laengauer-hohengassner#primaryimage\",\"url\":\"https:\/\/www.austrian-doctors.at\/wp-content\/uploads\/2026\/03\/header-helga-scaled.jpg\",\"contentUrl\":\"https:\/\/www.austrian-doctors.at\/wp-content\/uploads\/2026\/03\/header-helga-scaled.jpg\"},{\"@type\":\"BreadcrumbList\",\"@id\":\"https:\/\/www.austrian-doctors.at\/en\/about-us\/team\/helga-laengauer-hohengassner#breadcrumb\",\"itemListElement\":[{\"@type\":\"ListItem\",\"position\":1,\"name\":\"Startseite\",\"item\":\"https:\/\/www.austrian-doctors.at\/en\"},{\"@type\":\"ListItem\",\"position\":2,\"name\":\"About us\",\"item\":\"https:\/\/www.austrian-doctors.at\/en\/about-us\"},{\"@type\":\"ListItem\",\"position\":3,\"name\":\"Team\",\"item\":\"https:\/\/www.austrian-doctors.at\/en\/about-us\/team\"},{\"@type\":\"ListItem\",\"position\":4,\"name\":\"Helga L\u00e4ngauer-Hohenga\u00dfner\"}]},{\"@type\":\"WebSite\",\"@id\":\"https:\/\/austrian-doctors.at\/#website\",\"url\":\"https:\/\/austrian-doctors.at\/\",\"name\":\"https:\/\/www.austrian-doctors.at\/\",\"description\":\"Das Gl\u00fcck, helfen zu k\u00f6nnen\",\"publisher\":{\"@id\":\"https:\/\/austrian-doctors.at\/#organization\"},\"potentialAction\":[{\"@type\":\"SearchAction\",\"target\":{\"@type\":\"EntryPoint\",\"urlTemplate\":\"https:\/\/austrian-doctors.at\/?s={search_term_string}\"},\"query-input\":{\"@type\":\"PropertyValueSpecification\",\"valueRequired\":true,\"valueName\":\"search_term_string\"}}],\"inLanguage\":\"en-US\"},{\"@type\":\"Organization\",\"@id\":\"https:\/\/austrian-doctors.at\/#organization\",\"name\":\"Austrian Doctors\",\"url\":\"https:\/\/austrian-doctors.at\/\",\"logo\":{\"@type\":\"ImageObject\",\"inLanguage\":\"en-US\",\"@id\":\"https:\/\/austrian-doctors.at\/#\/schema\/logo\/image\/\",\"url\":\"https:\/\/www.austrian-doctors.at\/wp-content\/uploads\/2025\/03\/Austrian_Doctors_Logo_EN-1.png\",\"contentUrl\":\"https:\/\/www.austrian-doctors.at\/wp-content\/uploads\/2025\/03\/Austrian_Doctors_Logo_EN-1.png\",\"width\":800,\"height\":450,\"caption\":\"Austrian Doctors\"},\"image\":{\"@id\":\"https:\/\/austrian-doctors.at\/#\/schema\/logo\/image\/\"},\"sameAs\":[\"https:\/\/www.facebook.com\/AustrianDoctors\/\",\"https:\/\/www.instagram.com\/austrian_doctors\/\",\"https:\/\/www.youtube.com\/@austriandoctors\"]}]}<\/script>\n<!-- \/ Yoast SEO plugin. -->","yoast_head_json":{"title":"Helga L\u00e4ngauer-Hohenga\u00dfner | Austrian Doctors","description":"Mag.a Helga L\u00e4ngauer-Hohenga\u00dfner is a board member of the Austrian Doctors. She is the deputy secretary and a teacher.","robots":{"index":"index","follow":"follow","max-snippet":"max-snippet:-1","max-image-preview":"max-image-preview:large","max-video-preview":"max-video-preview:-1"},"canonical":"https:\/\/www.austrian-doctors.at\/en\/about-us\/team\/helga-laengauer-hohengassner","og_locale":"en_US","og_type":"article","og_title":"Helga L\u00e4ngauer-Hohenga\u00dfner | Austrian Doctors","og_description":"Mag.a Helga L\u00e4ngauer-Hohenga\u00dfner is a board member of the Austrian Doctors. She is the deputy secretary and a teacher.","og_url":"https:\/\/www.austrian-doctors.at\/en\/about-us\/team\/helga-laengauer-hohengassner","og_site_name":"Austrian Doctors","article_publisher":"https:\/\/www.facebook.com\/AustrianDoctors\/","article_modified_time":"2026-03-25T14:48:47+00:00","og_image":[{"url":"https:\/\/www.austrian-doctors.at\/wp-content\/uploads\/2026\/03\/header-helga-scaled.jpg","type":"","width":"","height":""}],"twitter_card":"summary_large_image","twitter_misc":{"Est. reading time":"5 minutes"},"schema":{"@context":"https:\/\/schema.org","@graph":[{"@type":"WebPage","@id":"https:\/\/www.austrian-doctors.at\/en\/about-us\/team\/helga-laengauer-hohengassner","url":"https:\/\/www.austrian-doctors.at\/en\/about-us\/team\/helga-laengauer-hohengassner","name":"Helga L\u00e4ngauer-Hohenga\u00dfner | Austrian Doctors","isPartOf":{"@id":"https:\/\/austrian-doctors.at\/#website"},"primaryImageOfPage":{"@id":"https:\/\/www.austrian-doctors.at\/en\/about-us\/team\/helga-laengauer-hohengassner#primaryimage"},"image":{"@id":"https:\/\/www.austrian-doctors.at\/en\/about-us\/team\/helga-laengauer-hohengassner#primaryimage"},"thumbnailUrl":"https:\/\/www.austrian-doctors.at\/wp-content\/uploads\/2026\/03\/header-helga-scaled.jpg","datePublished":"2025-11-21T09:13:31+00:00","dateModified":"2026-03-25T14:48:47+00:00","description":"Mag.a Helga L\u00e4ngauer-Hohenga\u00dfner is a board member of the Austrian Doctors. She is the deputy secretary and a teacher.","breadcrumb":{"@id":"https:\/\/www.austrian-doctors.at\/en\/about-us\/team\/helga-laengauer-hohengassner#breadcrumb"},"inLanguage":"en-US","potentialAction":[{"@type":"ReadAction","target":["https:\/\/www.austrian-doctors.at\/en\/about-us\/team\/helga-laengauer-hohengassner"]}]},{"@type":"ImageObject","inLanguage":"en-US","@id":"https:\/\/www.austrian-doctors.at\/en\/about-us\/team\/helga-laengauer-hohengassner#primaryimage","url":"https:\/\/www.austrian-doctors.at\/wp-content\/uploads\/2026\/03\/header-helga-scaled.jpg","contentUrl":"https:\/\/www.austrian-doctors.at\/wp-content\/uploads\/2026\/03\/header-helga-scaled.jpg"},{"@type":"BreadcrumbList","@id":"https:\/\/www.austrian-doctors.at\/en\/about-us\/team\/helga-laengauer-hohengassner#breadcrumb","itemListElement":[{"@type":"ListItem","position":1,"name":"Startseite","item":"https:\/\/www.austrian-doctors.at\/en"},{"@type":"ListItem","position":2,"name":"About us","item":"https:\/\/www.austrian-doctors.at\/en\/about-us"},{"@type":"ListItem","position":3,"name":"Team","item":"https:\/\/www.austrian-doctors.at\/en\/about-us\/team"},{"@type":"ListItem","position":4,"name":"Helga L\u00e4ngauer-Hohenga\u00dfner"}]},{"@type":"WebSite","@id":"https:\/\/austrian-doctors.at\/#website","url":"https:\/\/austrian-doctors.at\/","name":"https:\/\/www.austrian-doctors.at\/","description":"Das Gl\u00fcck, helfen zu k\u00f6nnen","publisher":{"@id":"https:\/\/austrian-doctors.at\/#organization"},"potentialAction":[{"@type":"SearchAction","target":{"@type":"EntryPoint","urlTemplate":"https:\/\/austrian-doctors.at\/?s={search_term_string}"},"query-input":{"@type":"PropertyValueSpecification","valueRequired":true,"valueName":"search_term_string"}}],"inLanguage":"en-US"},{"@type":"Organization","@id":"https:\/\/austrian-doctors.at\/#organization","name":"Austrian Doctors","url":"https:\/\/austrian-doctors.at\/","logo":{"@type":"ImageObject","inLanguage":"en-US","@id":"https:\/\/austrian-doctors.at\/#\/schema\/logo\/image\/","url":"https:\/\/www.austrian-doctors.at\/wp-content\/uploads\/2025\/03\/Austrian_Doctors_Logo_EN-1.png","contentUrl":"https:\/\/www.austrian-doctors.at\/wp-content\/uploads\/2025\/03\/Austrian_Doctors_Logo_EN-1.png","width":800,"height":450,"caption":"Austrian Doctors"},"image":{"@id":"https:\/\/austrian-doctors.at\/#\/schema\/logo\/image\/"},"sameAs":["https:\/\/www.facebook.com\/AustrianDoctors\/","https:\/\/www.instagram.com\/austrian_doctors\/","https:\/\/www.youtube.com\/@austriandoctors"]}]}},"_links":{"self":[{"href":"https:\/\/www.austrian-doctors.at\/en\/wp-json\/wp\/v2\/pages\/9033","targetHints":{"allow":["GET"]}}],"collection":[{"href":"https:\/\/www.austrian-doctors.at\/en\/wp-json\/wp\/v2\/pages"}],"about":[{"href":"https:\/\/www.austrian-doctors.at\/en\/wp-json\/wp\/v2\/types\/page"}],"author":[{"embeddable":true,"href":"https:\/\/www.austrian-doctors.at\/en\/wp-json\/wp\/v2\/users\/3"}],"replies":[{"embeddable":true,"href":"https:\/\/www.austrian-doctors.at\/en\/wp-json\/wp\/v2\/comments?post=9033"}],"version-history":[{"count":8,"href":"https:\/\/www.austrian-doctors.at\/en\/wp-json\/wp\/v2\/pages\/9033\/revisions"}],"predecessor-version":[{"id":10416,"href":"https:\/\/www.austrian-doctors.at\/en\/wp-json\/wp\/v2\/pages\/9033\/revisions\/10416"}],"up":[{"embeddable":true,"href":"https:\/\/www.austrian-doctors.at\/en\/wp-json\/wp\/v2\/pages\/7837"}],"wp:attachment":[{"href":"https:\/\/www.austrian-doctors.at\/en\/wp-json\/wp\/v2\/media?parent=9033"}],"curies":[{"name":"wp","href":"https:\/\/api.w.org\/{rel}","templated":true}]}}